{"id":23,"date":"2016-02-12T08:12:49","date_gmt":"2016-02-12T08:12:49","guid":{"rendered":"http:\/\/demos.famethemes.com\/onepress\/?page_id=23"},"modified":"2026-03-18T10:54:45","modified_gmt":"2026-03-18T13:54:45","slug":"parceiros","status":"publish","type":"page","link":"http:\/\/institutonadar.org.br\/?page_id=23","title":{"rendered":"Clube de Benef\u00edcios"},"content":{"rendered":"<p><img fetchpriority=\"high\" decoding=\"async\" class=\"aligncenter size-full wp-image-1656\" src=\"https:\/\/institutonadar.org.br\/wp-content\/uploads\/2026\/03\/WhatsApp-Image-2026-03-16-at-10.25.29.jpeg\" alt=\"\" width=\"1536\" height=\"1024\" srcset=\"http:\/\/institutonadar.org.br\/wp-content\/uploads\/2026\/03\/WhatsApp-Image-2026-03-16-at-10.25.29.jpeg 1536w, http:\/\/institutonadar.org.br\/wp-content\/uploads\/2026\/03\/WhatsApp-Image-2026-03-16-at-10.25.29-300x200.jpeg 300w, http:\/\/institutonadar.org.br\/wp-content\/uploads\/2026\/03\/WhatsApp-Image-2026-03-16-at-10.25.29-1024x683.jpeg 1024w, http:\/\/institutonadar.org.br\/wp-content\/uploads\/2026\/03\/WhatsApp-Image-2026-03-16-at-10.25.29-768x512.jpeg 768w\" sizes=\"(max-width: 1536px) 100vw, 1536px\" \/><\/p>\n\n\n<p>O Clube de Benef\u00edcios do Instituto Nadar \u00e9 a oportunidade ideal para empresas que desejam aumentar sua visibilidade, conquistar novos clientes e gerar impacto social real.<\/p>\n\n\n\n<p>Ao se tornar uma empresa parceira, sua marca passa a fazer parte de um ecossistema com acesso direto a mais de 6.000 fam\u00edlias, al\u00e9m de um p\u00fablico engajado nas redes sociais e nas unidades do Instituto. \u00c9 uma forma inteligente de divulgar seu neg\u00f3cio para pessoas da comunidade, com alto potencial de consumo e fideliza\u00e7\u00e3o.<\/p>\n\n\n\n<p>O funcionamento \u00e9 simples: sua empresa define quais benef\u00edcios deseja oferecer \u2014 como descontos, condi\u00e7\u00f5es especiais ou vantagens exclusivas \u2014 e o Instituto Nadar cuida da divulga\u00e7\u00e3o nos canais oficiais do Clube. Os benefici\u00e1rios t\u00eam acesso \u00e0s ofertas mediante identifica\u00e7\u00e3o, gerando fluxo direto para o seu neg\u00f3cio.<\/p>\n\n\n\n<p>Mais do que marketing, essa \u00e9 uma estrat\u00e9gia com prop\u00f3sito. Ao participar do Clube de Benef\u00edcios, sua empresa fortalece sua marca, cria relacionamento com novos clientes e ainda se associa a um projeto reconhecido por transformar vidas por meio do esporte, da inclus\u00e3o e da promo\u00e7\u00e3o da sa\u00fade.<\/p>\n\n\n\n<p>Com baixo investimento e alto potencial de retorno, o Clube de Benef\u00edcios \u00e9 uma alternativa mais eficaz e relevante do que a publicidade tradicional.<\/p>\n\n\n\n<p><\/p>\n","protected":false},"excerpt":{"rendered":"<p>O Clube de Benef\u00edcios do Instituto Nadar \u00e9 a oportunidade ideal para empresas que desejam aumentar sua visibilidade, conquistar novos clientes e gerar impacto social real.<\/p>\n","protected":false},"author":2,"featured_media":0,"parent":0,"menu_order":0,"comment_status":"closed","ping_status":"closed","template":"","meta":{"footnotes":""},"class_list":["post-23","page","type-page","status-publish","hentry"],"yoast_head":"<!-- This site is optimized with the Yoast SEO plugin v22.7 - https:\/\/yoast.com\/wordpress\/plugins\/seo\/ -->\n<title>Clube de Benef\u00edcios - Instituto Nadar<\/title>\n<meta name=\"robots\" content=\"index, follow, max-snippet:-1, max-image-preview:large, max-video-preview:-1\" \/>\n<link rel=\"canonical\" href=\"https:\/\/institutonadar.org.br\/?page_id=23\" \/>\n<meta property=\"og:locale\" content=\"pt_BR\" \/>\n<meta property=\"og:type\" content=\"article\" \/>\n<meta property=\"og:title\" content=\"Clube de Benef\u00edcios - Instituto Nadar\" \/>\n<meta property=\"og:description\" content=\"O Clube de Benef\u00edcios do Instituto Nadar \u00e9 a oportunidade ideal para empresas que desejam aumentar sua visibilidade, conquistar novos clientes e gerar impacto social real.\" \/>\n<meta property=\"og:url\" content=\"https:\/\/institutonadar.org.br\/?page_id=23\" \/>\n<meta property=\"og:site_name\" content=\"Instituto Nadar\" \/>\n<meta property=\"article:publisher\" content=\"https:\/\/www.facebook.com\/institutonadar\" \/>\n<meta property=\"article:modified_time\" content=\"2026-03-18T13:54:45+00:00\" \/>\n<meta property=\"og:image\" content=\"https:\/\/institutonadar.org.br\/wp-content\/uploads\/2026\/03\/WhatsApp-Image-2026-03-16-at-10.25.29.jpeg\" \/>\n<meta name=\"twitter:card\" content=\"summary_large_image\" \/>\n<meta name=\"twitter:label1\" content=\"Est. tempo de leitura\" \/>\n\t<meta name=\"twitter:data1\" content=\"2 minutos\" \/>\n<script type=\"application\/ld+json\" class=\"yoast-schema-graph\">{\"@context\":\"https:\/\/schema.org\",\"@graph\":[{\"@type\":\"WebPage\",\"@id\":\"https:\/\/institutonadar.org.br\/?page_id=23\",\"url\":\"https:\/\/institutonadar.org.br\/?page_id=23\",\"name\":\"Clube de Benef\u00edcios - Instituto Nadar\",\"isPartOf\":{\"@id\":\"https:\/\/institutonadar.org.br\/#website\"},\"primaryImageOfPage\":{\"@id\":\"https:\/\/institutonadar.org.br\/?page_id=23#primaryimage\"},\"image\":{\"@id\":\"https:\/\/institutonadar.org.br\/?page_id=23#primaryimage\"},\"thumbnailUrl\":\"https:\/\/institutonadar.org.br\/wp-content\/uploads\/2026\/03\/WhatsApp-Image-2026-03-16-at-10.25.29.jpeg\",\"datePublished\":\"2016-02-12T08:12:49+00:00\",\"dateModified\":\"2026-03-18T13:54:45+00:00\",\"breadcrumb\":{\"@id\":\"https:\/\/institutonadar.org.br\/?page_id=23#breadcrumb\"},\"inLanguage\":\"pt-BR\",\"potentialAction\":[{\"@type\":\"ReadAction\",\"target\":[\"https:\/\/institutonadar.org.br\/?page_id=23\"]}]},{\"@type\":\"ImageObject\",\"inLanguage\":\"pt-BR\",\"@id\":\"https:\/\/institutonadar.org.br\/?page_id=23#primaryimage\",\"url\":\"http:\/\/institutonadar.org.br\/wp-content\/uploads\/2026\/03\/WhatsApp-Image-2026-03-16-at-10.25.29.jpeg\",\"contentUrl\":\"http:\/\/institutonadar.org.br\/wp-content\/uploads\/2026\/03\/WhatsApp-Image-2026-03-16-at-10.25.29.jpeg\",\"width\":1536,\"height\":1024},{\"@type\":\"BreadcrumbList\",\"@id\":\"https:\/\/institutonadar.org.br\/?page_id=23#breadcrumb\",\"itemListElement\":[{\"@type\":\"ListItem\",\"position\":1,\"name\":\"In\u00edcio\",\"item\":\"https:\/\/institutonadar.org.br\/\"},{\"@type\":\"ListItem\",\"position\":2,\"name\":\"Clube de Benef\u00edcios\"}]},{\"@type\":\"WebSite\",\"@id\":\"https:\/\/institutonadar.org.br\/#website\",\"url\":\"https:\/\/institutonadar.org.br\/\",\"name\":\"Instituto Nadar\",\"description\":\"\",\"publisher\":{\"@id\":\"https:\/\/institutonadar.org.br\/#organization\"},\"potentialAction\":[{\"@type\":\"SearchAction\",\"target\":{\"@type\":\"EntryPoint\",\"urlTemplate\":\"https:\/\/institutonadar.org.br\/?s={search_term_string}\"},\"query-input\":\"required name=search_term_string\"}],\"inLanguage\":\"pt-BR\"},{\"@type\":\"Organization\",\"@id\":\"https:\/\/institutonadar.org.br\/#organization\",\"name\":\"Instituto Nadar\",\"url\":\"https:\/\/institutonadar.org.br\/\",\"logo\":{\"@type\":\"ImageObject\",\"inLanguage\":\"pt-BR\",\"@id\":\"https:\/\/institutonadar.org.br\/#\/schema\/logo\/image\/\",\"url\":\"http:\/\/institutonadar.org.br\/wp-content\/uploads\/2024\/01\/cropped-family_final-380x380-1.png\",\"contentUrl\":\"http:\/\/institutonadar.org.br\/wp-content\/uploads\/2024\/01\/cropped-family_final-380x380-1.png\",\"width\":380,\"height\":141,\"caption\":\"Instituto Nadar\"},\"image\":{\"@id\":\"https:\/\/institutonadar.org.br\/#\/schema\/logo\/image\/\"},\"sameAs\":[\"https:\/\/www.facebook.com\/institutonadar\",\"https:\/\/www.youtube.com\/@nadaritajai7830\",\"https:\/\/www.instagram.com\/institutonadar\/\"]}]}<\/script>\n<!-- \/ Yoast SEO plugin. -->","yoast_head_json":{"title":"Clube de Benef\u00edcios - Instituto Nadar","robots":{"index":"index","follow":"follow","max-snippet":"max-snippet:-1","max-image-preview":"max-image-preview:large","max-video-preview":"max-video-preview:-1"},"canonical":"https:\/\/institutonadar.org.br\/?page_id=23","og_locale":"pt_BR","og_type":"article","og_title":"Clube de Benef\u00edcios - Instituto Nadar","og_description":"O Clube de Benef\u00edcios do Instituto Nadar \u00e9 a oportunidade ideal para empresas que desejam aumentar sua visibilidade, conquistar novos clientes e gerar impacto social real.","og_url":"https:\/\/institutonadar.org.br\/?page_id=23","og_site_name":"Instituto Nadar","article_publisher":"https:\/\/www.facebook.com\/institutonadar","article_modified_time":"2026-03-18T13:54:45+00:00","og_image":[{"url":"https:\/\/institutonadar.org.br\/wp-content\/uploads\/2026\/03\/WhatsApp-Image-2026-03-16-at-10.25.29.jpeg"}],"twitter_card":"summary_large_image","twitter_misc":{"Est. tempo de leitura":"2 minutos"},"schema":{"@context":"https:\/\/schema.org","@graph":[{"@type":"WebPage","@id":"https:\/\/institutonadar.org.br\/?page_id=23","url":"https:\/\/institutonadar.org.br\/?page_id=23","name":"Clube de Benef\u00edcios - Instituto Nadar","isPartOf":{"@id":"https:\/\/institutonadar.org.br\/#website"},"primaryImageOfPage":{"@id":"https:\/\/institutonadar.org.br\/?page_id=23#primaryimage"},"image":{"@id":"https:\/\/institutonadar.org.br\/?page_id=23#primaryimage"},"thumbnailUrl":"https:\/\/institutonadar.org.br\/wp-content\/uploads\/2026\/03\/WhatsApp-Image-2026-03-16-at-10.25.29.jpeg","datePublished":"2016-02-12T08:12:49+00:00","dateModified":"2026-03-18T13:54:45+00:00","breadcrumb":{"@id":"https:\/\/institutonadar.org.br\/?page_id=23#breadcrumb"},"inLanguage":"pt-BR","potentialAction":[{"@type":"ReadAction","target":["https:\/\/institutonadar.org.br\/?page_id=23"]}]},{"@type":"ImageObject","inLanguage":"pt-BR","@id":"https:\/\/institutonadar.org.br\/?page_id=23#primaryimage","url":"http:\/\/institutonadar.org.br\/wp-content\/uploads\/2026\/03\/WhatsApp-Image-2026-03-16-at-10.25.29.jpeg","contentUrl":"http:\/\/institutonadar.org.br\/wp-content\/uploads\/2026\/03\/WhatsApp-Image-2026-03-16-at-10.25.29.jpeg","width":1536,"height":1024},{"@type":"BreadcrumbList","@id":"https:\/\/institutonadar.org.br\/?page_id=23#breadcrumb","itemListElement":[{"@type":"ListItem","position":1,"name":"In\u00edcio","item":"https:\/\/institutonadar.org.br\/"},{"@type":"ListItem","position":2,"name":"Clube de Benef\u00edcios"}]},{"@type":"WebSite","@id":"https:\/\/institutonadar.org.br\/#website","url":"https:\/\/institutonadar.org.br\/","name":"Instituto Nadar","description":"","publisher":{"@id":"https:\/\/institutonadar.org.br\/#organization"},"potentialAction":[{"@type":"SearchAction","target":{"@type":"EntryPoint","urlTemplate":"https:\/\/institutonadar.org.br\/?s={search_term_string}"},"query-input":"required name=search_term_string"}],"inLanguage":"pt-BR"},{"@type":"Organization","@id":"https:\/\/institutonadar.org.br\/#organization","name":"Instituto Nadar","url":"https:\/\/institutonadar.org.br\/","logo":{"@type":"ImageObject","inLanguage":"pt-BR","@id":"https:\/\/institutonadar.org.br\/#\/schema\/logo\/image\/","url":"http:\/\/institutonadar.org.br\/wp-content\/uploads\/2024\/01\/cropped-family_final-380x380-1.png","contentUrl":"http:\/\/institutonadar.org.br\/wp-content\/uploads\/2024\/01\/cropped-family_final-380x380-1.png","width":380,"height":141,"caption":"Instituto Nadar"},"image":{"@id":"https:\/\/institutonadar.org.br\/#\/schema\/logo\/image\/"},"sameAs":["https:\/\/www.facebook.com\/institutonadar","https:\/\/www.youtube.com\/@nadaritajai7830","https:\/\/www.instagram.com\/institutonadar\/"]}]}},"_links":{"self":[{"href":"http:\/\/institutonadar.org.br\/index.php?rest_route=\/wp\/v2\/pages\/23","targetHints":{"allow":["GET"]}}],"collection":[{"href":"http:\/\/institutonadar.org.br\/index.php?rest_route=\/wp\/v2\/pages"}],"about":[{"href":"http:\/\/institutonadar.org.br\/index.php?rest_route=\/wp\/v2\/types\/page"}],"author":[{"embeddable":true,"href":"http:\/\/institutonadar.org.br\/index.php?rest_route=\/wp\/v2\/users\/2"}],"replies":[{"embeddable":true,"href":"http:\/\/institutonadar.org.br\/index.php?rest_route=%2Fwp%2Fv2%2Fcomments&post=23"}],"version-history":[{"count":0,"href":"http:\/\/institutonadar.org.br\/index.php?rest_route=\/wp\/v2\/pages\/23\/revisions"}],"wp:attachment":[{"href":"http:\/\/institutonadar.org.br\/index.php?rest_route=%2Fwp%2Fv2%2Fmedia&parent=23"}],"curies":[{"name":"wp","href":"https:\/\/api.w.org\/{rel}","templated":true}]}}