{"id":25,"date":"2016-02-12T08:13:22","date_gmt":"2016-02-12T08:13:22","guid":{"rendered":"http:\/\/demos.famethemes.com\/onepress\/?page_id=25"},"modified":"2026-02-03T10:42:41","modified_gmt":"2026-02-03T13:42:41","slug":"transparencia","status":"publish","type":"page","link":"http:\/\/institutonadar.org.br\/?page_id=25","title":{"rendered":"Transpar\u00eancia"},"content":{"rendered":"\t\t<div data-elementor-type=\"wp-page\" data-elementor-id=\"25\" class=\"elementor elementor-25\" data-elementor-post-type=\"page\">\n\t\t\t\t\t\t\t<div class=\"elementor-element elementor-element-1d81b190 e-flex e-con-boxed e-con e-parent\" data-id=\"1d81b190\" data-element_type=\"container\" data-settings=\"{&quot;content_width&quot;:&quot;boxed&quot;}\" data-core-v316-plus=\"true\">\n\t\t\t\t\t<div class=\"e-con-inner\">\n\t\t\t\t<div class=\"elementor-element elementor-element-18be876 elementor-widget elementor-widget-text-editor\" data-id=\"18be876\" data-element_type=\"widget\" data-widget_type=\"text-editor.default\">\n\t\t\t\t<div class=\"elementor-widget-container\">\n\t\t\t<style>\/*! elementor - v3.18.0 - 20-12-2023 *\/\n.elementor-widget-text-editor.elementor-drop-cap-view-stacked .elementor-drop-cap{background-color:#69727d;color:#fff}.elementor-widget-text-editor.elementor-drop-cap-view-framed .elementor-drop-cap{color:#69727d;border:3px solid;background-color:transparent}.elementor-widget-text-editor:not(.elementor-drop-cap-view-default) .elementor-drop-cap{margin-top:8px}.elementor-widget-text-editor:not(.elementor-drop-cap-view-default) .elementor-drop-cap-letter{width:1em;height:1em}.elementor-widget-text-editor .elementor-drop-cap{float:left;text-align:center;line-height:1;font-size:50px}.elementor-widget-text-editor .elementor-drop-cap-letter{display:inline-block}<\/style>\t\t\t\t<p>Visualize abaixo todos os documentos de presta\u00e7\u00e3o de contas do Instituto Nadar<\/p>\t\t\t\t\t\t<\/div>\n\t\t\t\t<\/div>\n\t\t\t\t\t<\/div>\n\t\t\t\t<\/div>\n\t\t<div class=\"elementor-element elementor-element-c14da39 e-flex e-con-boxed e-con e-parent\" data-id=\"c14da39\" data-element_type=\"container\" data-settings=\"{&quot;content_width&quot;:&quot;boxed&quot;}\" data-core-v316-plus=\"true\">\n\t\t\t\t\t<div class=\"e-con-inner\">\n\t\t<div class=\"elementor-element elementor-element-9704912 e-flex e-con-boxed e-con e-child\" data-id=\"9704912\" data-element_type=\"container\" data-settings=\"{&quot;content_width&quot;:&quot;boxed&quot;}\">\n\t\t\t\t\t<div class=\"e-con-inner\">\n\t\t<div class=\"elementor-element elementor-element-4c6187e e-flex e-con-boxed e-con e-child\" data-id=\"4c6187e\" data-element_type=\"container\" data-settings=\"{&quot;content_width&quot;:&quot;boxed&quot;}\">\n\t\t\t\t\t<div class=\"e-con-inner\">\n\t\t\t\t<div class=\"elementor-element elementor-element-7234c95 elementor-widget elementor-widget-heading\" data-id=\"7234c95\" data-element_type=\"widget\" data-widget_type=\"heading.default\">\n\t\t\t\t<div class=\"elementor-widget-container\">\n\t\t\t<style>\/*! elementor - v3.18.0 - 20-12-2023 *\/\n.elementor-heading-title{padding:0;margin:0;line-height:1}.elementor-widget-heading .elementor-heading-title[class*=elementor-size-]>a{color:inherit;font-size:inherit;line-height:inherit}.elementor-widget-heading .elementor-heading-title.elementor-size-small{font-size:15px}.elementor-widget-heading .elementor-heading-title.elementor-size-medium{font-size:19px}.elementor-widget-heading .elementor-heading-title.elementor-size-large{font-size:29px}.elementor-widget-heading .elementor-heading-title.elementor-size-xl{font-size:39px}.elementor-widget-heading .elementor-heading-title.elementor-size-xxl{font-size:59px}<\/style><h2 class=\"elementor-heading-title elementor-size-default\">2024<\/h2>\t\t<\/div>\n\t\t\t\t<\/div>\n\t\t\t\t\t<\/div>\n\t\t\t\t<\/div>\n\t\t\t\t\t<\/div>\n\t\t\t\t<\/div>\n\t\t\t\t\t<\/div>\n\t\t\t\t<\/div>\n\t\t<div class=\"elementor-element elementor-element-9085a21 e-flex e-con-boxed e-con e-parent\" data-id=\"9085a21\" data-element_type=\"container\" data-settings=\"{&quot;content_width&quot;:&quot;boxed&quot;}\" data-core-v316-plus=\"true\">\n\t\t\t\t\t<div class=\"e-con-inner\">\n\t\t<div class=\"elementor-element elementor-element-29a780d e-flex e-con-boxed e-con e-child\" data-id=\"29a780d\" data-element_type=\"container\" data-settings=\"{&quot;content_width&quot;:&quot;boxed&quot;}\">\n\t\t\t\t\t<div class=\"e-con-inner\">\n\t\t<div class=\"elementor-element elementor-element-91d34bf e-flex e-con-boxed e-con e-child\" data-id=\"91d34bf\" data-element_type=\"container\" data-settings=\"{&quot;content_width&quot;:&quot;boxed&quot;}\">\n\t\t\t\t\t<div class=\"e-con-inner\">\n\t\t\t\t\t<\/div>\n\t\t\t\t<\/div>\n\t\t\t\t\t<\/div>\n\t\t\t\t<\/div>\n\t\t\t\t\t<\/div>\n\t\t\t\t<\/div>\n\t\t<div class=\"elementor-element elementor-element-520c741 e-flex e-con-boxed e-con e-parent\" data-id=\"520c741\" data-element_type=\"container\" data-settings=\"{&quot;content_width&quot;:&quot;boxed&quot;}\" data-core-v316-plus=\"true\">\n\t\t\t\t\t<div class=\"e-con-inner\">\n\t\t<div class=\"elementor-element elementor-element-27aeb94 e-flex e-con-boxed e-con e-child\" data-id=\"27aeb94\" data-element_type=\"container\" data-settings=\"{&quot;content_width&quot;:&quot;boxed&quot;}\">\n\t\t\t\t\t<div class=\"e-con-inner\">\n\t\t<div class=\"elementor-element elementor-element-934673c e-flex e-con-boxed e-con e-child\" data-id=\"934673c\" data-element_type=\"container\" data-settings=\"{&quot;content_width&quot;:&quot;boxed&quot;}\">\n\t\t\t\t\t<div class=\"e-con-inner\">\n\t\t\t\t<div class=\"elementor-element elementor-element-514757c elementor-widget elementor-widget-heading\" data-id=\"514757c\" data-element_type=\"widget\" data-widget_type=\"heading.default\">\n\t\t\t\t<div class=\"elementor-widget-container\">\n\t\t\t<h2 class=\"elementor-heading-title elementor-size-default\">2023<\/h2>\t\t<\/div>\n\t\t\t\t<\/div>\n\t\t\t\t\t<\/div>\n\t\t\t\t<\/div>\n\t\t\t\t\t<\/div>\n\t\t\t\t<\/div>\n\t\t\t\t\t<\/div>\n\t\t\t\t<\/div>\n\t\t<div class=\"elementor-element elementor-element-e747c42 e-flex e-con-boxed e-con e-parent\" data-id=\"e747c42\" data-element_type=\"container\" data-settings=\"{&quot;content_width&quot;:&quot;boxed&quot;}\" data-core-v316-plus=\"true\">\n\t\t\t\t\t<div class=\"e-con-inner\">\n\t\t<div class=\"elementor-element elementor-element-d64404b e-flex e-con-boxed e-con e-child\" data-id=\"d64404b\" data-element_type=\"container\" data-settings=\"{&quot;content_width&quot;:&quot;boxed&quot;}\">\n\t\t\t\t\t<div class=\"e-con-inner\">\n\t\t<div class=\"elementor-element elementor-element-22d737c e-flex e-con-boxed e-con e-child\" data-id=\"22d737c\" data-element_type=\"container\" data-settings=\"{&quot;content_width&quot;:&quot;boxed&quot;}\">\n\t\t\t\t\t<div class=\"e-con-inner\">\n\t\t\t\t<div class=\"elementor-element elementor-element-0f8853f elementor-widget elementor-widget-html\" data-id=\"0f8853f\" data-element_type=\"widget\" data-widget_type=\"html.default\">\n\t\t\t\t<div class=\"elementor-widget-container\">\n\t\t\t<iframe src=\"https:\/\/drive.google.com\/embeddedfolderview?id=11kmeNw0wXLK55i1x1y31QS-Fj14lolg8#grid\" frameborder=\"0\" width=\"640\" height=\"500\" marginheight=\"0\" marginwidth=\"0\" allowfullscreen=\"true\" mozallowfullscreen=\"true\" webkitallowfullscreen=\"true\"><\/iframe>\t\t<\/div>\n\t\t\t\t<\/div>\n\t\t\t\t\t<\/div>\n\t\t\t\t<\/div>\n\t\t\t\t\t<\/div>\n\t\t\t\t<\/div>\n\t\t\t\t\t<\/div>\n\t\t\t\t<\/div>\n\t\t<div class=\"elementor-element elementor-element-9ec7cef e-flex e-con-boxed e-con e-parent\" data-id=\"9ec7cef\" data-element_type=\"container\" data-settings=\"{&quot;content_width&quot;:&quot;boxed&quot;}\" data-core-v316-plus=\"true\">\n\t\t\t\t\t<div class=\"e-con-inner\">\n\t\t<div class=\"elementor-element elementor-element-f1f3429 e-flex e-con-boxed e-con e-child\" data-id=\"f1f3429\" data-element_type=\"container\" data-settings=\"{&quot;content_width&quot;:&quot;boxed&quot;}\">\n\t\t\t\t\t<div class=\"e-con-inner\">\n\t\t<div class=\"elementor-element elementor-element-f6e6702 e-flex e-con-boxed e-con e-child\" data-id=\"f6e6702\" data-element_type=\"container\" data-settings=\"{&quot;content_width&quot;:&quot;boxed&quot;}\">\n\t\t\t\t\t<div class=\"e-con-inner\">\n\t\t\t\t<div class=\"elementor-element elementor-element-a01b1c9 elementor-widget elementor-widget-heading\" data-id=\"a01b1c9\" data-element_type=\"widget\" data-widget_type=\"heading.default\">\n\t\t\t\t<div class=\"elementor-widget-container\">\n\t\t\t<h2 class=\"elementor-heading-title elementor-size-default\">2022<\/h2>\t\t<\/div>\n\t\t\t\t<\/div>\n\t\t\t\t\t<\/div>\n\t\t\t\t<\/div>\n\t\t\t\t\t<\/div>\n\t\t\t\t<\/div>\n\t\t\t\t\t<\/div>\n\t\t\t\t<\/div>\n\t\t<div class=\"elementor-element elementor-element-cda2a47 e-con-full e-flex e-con e-parent\" data-id=\"cda2a47\" data-element_type=\"container\" data-settings=\"{&quot;content_width&quot;:&quot;full&quot;}\" data-core-v316-plus=\"true\">\n\t\t<div class=\"elementor-element elementor-element-ae30eda e-flex e-con-boxed e-con e-child\" data-id=\"ae30eda\" data-element_type=\"container\" data-settings=\"{&quot;content_width&quot;:&quot;boxed&quot;}\">\n\t\t\t\t\t<div class=\"e-con-inner\">\n\t\t\t\t<div class=\"elementor-element elementor-element-ba81e10 elementor-widget elementor-widget-html\" data-id=\"ba81e10\" data-element_type=\"widget\" data-widget_type=\"html.default\">\n\t\t\t\t<div class=\"elementor-widget-container\">\n\t\t\t<iframe src=\"https:\/\/drive.google.com\/embeddedfolderview?id=1c_mMKRMb1PYwE3p2IYWg3egWP4Pq-5TT#grid\" frameborder=\"0\" width=\"640\" height=\"500\" marginheight=\"0\" marginwidth=\"0\" allowfullscreen=\"true\" mozallowfullscreen=\"true\" webkitallowfullscreen=\"true\"><\/iframe>\t\t<\/div>\n\t\t\t\t<\/div>\n\t\t\t\t\t<\/div>\n\t\t\t\t<\/div>\n\t\t\t\t<\/div>\n\t\t<div class=\"elementor-element elementor-element-6f76e3e e-flex e-con-boxed e-con e-parent\" data-id=\"6f76e3e\" data-element_type=\"container\" data-settings=\"{&quot;content_width&quot;:&quot;boxed&quot;}\" data-core-v316-plus=\"true\">\n\t\t\t\t\t<div class=\"e-con-inner\">\n\t\t<div class=\"elementor-element elementor-element-3ee89a7 e-flex e-con-boxed e-con e-child\" data-id=\"3ee89a7\" data-element_type=\"container\" data-settings=\"{&quot;content_width&quot;:&quot;boxed&quot;}\">\n\t\t\t\t\t<div class=\"e-con-inner\">\n\t\t\t\t<div class=\"elementor-element elementor-element-8970e28 elementor-widget elementor-widget-heading\" data-id=\"8970e28\" data-element_type=\"widget\" data-widget_type=\"heading.default\">\n\t\t\t\t<div class=\"elementor-widget-container\">\n\t\t\t<h2 class=\"elementor-heading-title elementor-size-default\">2021<\/h2>\t\t<\/div>\n\t\t\t\t<\/div>\n\t\t\t\t\t<\/div>\n\t\t\t\t<\/div>\n\t\t\t\t\t<\/div>\n\t\t\t\t<\/div>\n\t\t<div class=\"elementor-element elementor-element-a67504c e-flex e-con-boxed e-con e-parent\" data-id=\"a67504c\" data-element_type=\"container\" data-settings=\"{&quot;content_width&quot;:&quot;boxed&quot;}\" data-core-v316-plus=\"true\">\n\t\t\t\t\t<div class=\"e-con-inner\">\n\t\t<div class=\"elementor-element elementor-element-541324f e-flex e-con-boxed e-con e-child\" data-id=\"541324f\" data-element_type=\"container\" data-settings=\"{&quot;content_width&quot;:&quot;boxed&quot;}\">\n\t\t\t\t\t<div class=\"e-con-inner\">\n\t\t\t\t<div class=\"elementor-element elementor-element-7c2adf5 elementor-widget elementor-widget-html\" data-id=\"7c2adf5\" data-element_type=\"widget\" data-widget_type=\"html.default\">\n\t\t\t\t<div class=\"elementor-widget-container\">\n\t\t\t<iframe src=\"https:\/\/drive.google.com\/embeddedfolderview?id=1Cv4t9dtAPPtLCkeeJ-KdVYfHZZUTlerF#grid\" frameborder=\"0\" width=\"640\" height=\"500\" marginheight=\"0\" marginwidth=\"0\" allowfullscreen=\"true\" mozallowfullscreen=\"true\" webkitallowfullscreen=\"true\"><\/iframe>\r\n\r\n\t\t<\/div>\n\t\t\t\t<\/div>\n\t\t\t\t\t<\/div>\n\t\t\t\t<\/div>\n\t\t\t\t\t<\/div>\n\t\t\t\t<\/div>\n\t\t\t\t\t\t\t<\/div>\n\t\t","protected":false},"excerpt":{"rendered":"<p>Clique no bot\u00e3o abaixo para ter acesso \u00e0 todos os documentos de presta\u00e7\u00e3o de contas do Instituto Nadar<\/p>\n","protected":false},"author":2,"featured_media":0,"parent":0,"menu_order":0,"comment_status":"closed","ping_status":"closed","template":"template-fullwidth-stretched.php","meta":{"footnotes":""},"class_list":["post-25","page","type-page","status-publish","hentry"],"yoast_head":"<!-- This site is optimized with the Yoast SEO plugin v22.7 - https:\/\/yoast.com\/wordpress\/plugins\/seo\/ -->\n<title>Transpar\u00eancia - Instituto Nadar<\/title>\n<meta name=\"robots\" content=\"index, follow, max-snippet:-1, max-image-preview:large, max-video-preview:-1\" \/>\n<link rel=\"canonical\" href=\"http:\/\/institutonadar.org.br\/?page_id=25\" \/>\n<meta property=\"og:locale\" content=\"pt_BR\" \/>\n<meta property=\"og:type\" content=\"article\" \/>\n<meta property=\"og:title\" content=\"Transpar\u00eancia - Instituto Nadar\" \/>\n<meta property=\"og:description\" content=\"Clique no bot\u00e3o abaixo para ter acesso \u00e0 todos os documentos de presta\u00e7\u00e3o de contas do Instituto Nadar\" \/>\n<meta property=\"og:url\" content=\"http:\/\/institutonadar.org.br\/?page_id=25\" \/>\n<meta property=\"og:site_name\" content=\"Instituto Nadar\" \/>\n<meta property=\"article:publisher\" content=\"https:\/\/www.facebook.com\/institutonadar\" \/>\n<meta property=\"article:modified_time\" content=\"2026-02-03T13:42:41+00:00\" \/>\n<meta name=\"twitter:card\" content=\"summary_large_image\" \/>\n<meta name=\"twitter:label1\" content=\"Est. tempo de leitura\" \/>\n\t<meta name=\"twitter:data1\" content=\"1 minuto\" \/>\n<script type=\"application\/ld+json\" class=\"yoast-schema-graph\">{\"@context\":\"https:\/\/schema.org\",\"@graph\":[{\"@type\":\"WebPage\",\"@id\":\"http:\/\/institutonadar.org.br\/?page_id=25\",\"url\":\"http:\/\/institutonadar.org.br\/?page_id=25\",\"name\":\"Transpar\u00eancia - Instituto Nadar\",\"isPartOf\":{\"@id\":\"https:\/\/institutonadar.org.br\/#website\"},\"datePublished\":\"2016-02-12T08:13:22+00:00\",\"dateModified\":\"2026-02-03T13:42:41+00:00\",\"breadcrumb\":{\"@id\":\"http:\/\/institutonadar.org.br\/?page_id=25#breadcrumb\"},\"inLanguage\":\"pt-BR\",\"potentialAction\":[{\"@type\":\"ReadAction\",\"target\":[\"http:\/\/institutonadar.org.br\/?page_id=25\"]}]},{\"@type\":\"BreadcrumbList\",\"@id\":\"http:\/\/institutonadar.org.br\/?page_id=25#breadcrumb\",\"itemListElement\":[{\"@type\":\"ListItem\",\"position\":1,\"name\":\"In\u00edcio\",\"item\":\"https:\/\/institutonadar.org.br\/\"},{\"@type\":\"ListItem\",\"position\":2,\"name\":\"Transpar\u00eancia\"}]},{\"@type\":\"WebSite\",\"@id\":\"https:\/\/institutonadar.org.br\/#website\",\"url\":\"https:\/\/institutonadar.org.br\/\",\"name\":\"Instituto Nadar\",\"description\":\"\",\"publisher\":{\"@id\":\"https:\/\/institutonadar.org.br\/#organization\"},\"potentialAction\":[{\"@type\":\"SearchAction\",\"target\":{\"@type\":\"EntryPoint\",\"urlTemplate\":\"https:\/\/institutonadar.org.br\/?s={search_term_string}\"},\"query-input\":\"required name=search_term_string\"}],\"inLanguage\":\"pt-BR\"},{\"@type\":\"Organization\",\"@id\":\"https:\/\/institutonadar.org.br\/#organization\",\"name\":\"Instituto Nadar\",\"url\":\"https:\/\/institutonadar.org.br\/\",\"logo\":{\"@type\":\"ImageObject\",\"inLanguage\":\"pt-BR\",\"@id\":\"https:\/\/institutonadar.org.br\/#\/schema\/logo\/image\/\",\"url\":\"http:\/\/institutonadar.org.br\/wp-content\/uploads\/2024\/01\/cropped-family_final-380x380-1.png\",\"contentUrl\":\"http:\/\/institutonadar.org.br\/wp-content\/uploads\/2024\/01\/cropped-family_final-380x380-1.png\",\"width\":380,\"height\":141,\"caption\":\"Instituto Nadar\"},\"image\":{\"@id\":\"https:\/\/institutonadar.org.br\/#\/schema\/logo\/image\/\"},\"sameAs\":[\"https:\/\/www.facebook.com\/institutonadar\",\"https:\/\/www.youtube.com\/@nadaritajai7830\",\"https:\/\/www.instagram.com\/institutonadar\/\"]}]}<\/script>\n<!-- \/ Yoast SEO plugin. -->","yoast_head_json":{"title":"Transpar\u00eancia - Instituto Nadar","robots":{"index":"index","follow":"follow","max-snippet":"max-snippet:-1","max-image-preview":"max-image-preview:large","max-video-preview":"max-video-preview:-1"},"canonical":"http:\/\/institutonadar.org.br\/?page_id=25","og_locale":"pt_BR","og_type":"article","og_title":"Transpar\u00eancia - Instituto Nadar","og_description":"Clique no bot\u00e3o abaixo para ter acesso \u00e0 todos os documentos de presta\u00e7\u00e3o de contas do Instituto Nadar","og_url":"http:\/\/institutonadar.org.br\/?page_id=25","og_site_name":"Instituto Nadar","article_publisher":"https:\/\/www.facebook.com\/institutonadar","article_modified_time":"2026-02-03T13:42:41+00:00","twitter_card":"summary_large_image","twitter_misc":{"Est. tempo de leitura":"1 minuto"},"schema":{"@context":"https:\/\/schema.org","@graph":[{"@type":"WebPage","@id":"http:\/\/institutonadar.org.br\/?page_id=25","url":"http:\/\/institutonadar.org.br\/?page_id=25","name":"Transpar\u00eancia - Instituto Nadar","isPartOf":{"@id":"https:\/\/institutonadar.org.br\/#website"},"datePublished":"2016-02-12T08:13:22+00:00","dateModified":"2026-02-03T13:42:41+00:00","breadcrumb":{"@id":"http:\/\/institutonadar.org.br\/?page_id=25#breadcrumb"},"inLanguage":"pt-BR","potentialAction":[{"@type":"ReadAction","target":["http:\/\/institutonadar.org.br\/?page_id=25"]}]},{"@type":"BreadcrumbList","@id":"http:\/\/institutonadar.org.br\/?page_id=25#breadcrumb","itemListElement":[{"@type":"ListItem","position":1,"name":"In\u00edcio","item":"https:\/\/institutonadar.org.br\/"},{"@type":"ListItem","position":2,"name":"Transpar\u00eancia"}]},{"@type":"WebSite","@id":"https:\/\/institutonadar.org.br\/#website","url":"https:\/\/institutonadar.org.br\/","name":"Instituto Nadar","description":"","publisher":{"@id":"https:\/\/institutonadar.org.br\/#organization"},"potentialAction":[{"@type":"SearchAction","target":{"@type":"EntryPoint","urlTemplate":"https:\/\/institutonadar.org.br\/?s={search_term_string}"},"query-input":"required name=search_term_string"}],"inLanguage":"pt-BR"},{"@type":"Organization","@id":"https:\/\/institutonadar.org.br\/#organization","name":"Instituto Nadar","url":"https:\/\/institutonadar.org.br\/","logo":{"@type":"ImageObject","inLanguage":"pt-BR","@id":"https:\/\/institutonadar.org.br\/#\/schema\/logo\/image\/","url":"http:\/\/institutonadar.org.br\/wp-content\/uploads\/2024\/01\/cropped-family_final-380x380-1.png","contentUrl":"http:\/\/institutonadar.org.br\/wp-content\/uploads\/2024\/01\/cropped-family_final-380x380-1.png","width":380,"height":141,"caption":"Instituto Nadar"},"image":{"@id":"https:\/\/institutonadar.org.br\/#\/schema\/logo\/image\/"},"sameAs":["https:\/\/www.facebook.com\/institutonadar","https:\/\/www.youtube.com\/@nadaritajai7830","https:\/\/www.instagram.com\/institutonadar\/"]}]}},"_links":{"self":[{"href":"http:\/\/institutonadar.org.br\/index.php?rest_route=\/wp\/v2\/pages\/25","targetHints":{"allow":["GET"]}}],"collection":[{"href":"http:\/\/institutonadar.org.br\/index.php?rest_route=\/wp\/v2\/pages"}],"about":[{"href":"http:\/\/institutonadar.org.br\/index.php?rest_route=\/wp\/v2\/types\/page"}],"author":[{"embeddable":true,"href":"http:\/\/institutonadar.org.br\/index.php?rest_route=\/wp\/v2\/users\/2"}],"replies":[{"embeddable":true,"href":"http:\/\/institutonadar.org.br\/index.php?rest_route=%2Fwp%2Fv2%2Fcomments&post=25"}],"version-history":[{"count":0,"href":"http:\/\/institutonadar.org.br\/index.php?rest_route=\/wp\/v2\/pages\/25\/revisions"}],"wp:attachment":[{"href":"http:\/\/institutonadar.org.br\/index.php?rest_route=%2Fwp%2Fv2%2Fmedia&parent=25"}],"curies":[{"name":"wp","href":"https:\/\/api.w.org\/{rel}","templated":true}]}}