{"id":1414,"date":"2016-02-12T07:54:41","date_gmt":"2016-02-12T07:54:41","guid":{"rendered":"http:\/\/demos.famethemes.com\/onepress\/?page_id=4"},"modified":"2026-02-06T10:53:50","modified_gmt":"2026-02-06T13:53:50","slug":"home-2","status":"publish","type":"page","link":"https:\/\/institutonadar.org.br\/","title":{"rendered":"Home"},"content":{"rendered":"","protected":false},"excerpt":{"rendered":"","protected":false},"author":2,"featured_media":0,"parent":0,"menu_order":0,"comment_status":"closed","ping_status":"closed","template":"template-frontpage.php","meta":{"footnotes":""},"class_list":["post-1414","page","type-page","status-publish","hentry"],"yoast_head":"<!-- This site is optimized with the Yoast SEO plugin v22.7 - https:\/\/yoast.com\/wordpress\/plugins\/seo\/ -->\n<title>Home - Instituto Nadar<\/title>\n<meta name=\"description\" content=\"O Instituto Nadar vem desenvolvendo as modalidades aqu\u00e1ticas no munic\u00edpio desde 2002, sendo a equipe de nata\u00e7\u00e3o representante de toda a regi\u00e3o da AMFRI em Santa Catarina, detentora de v\u00e1rios t\u00edtulos, destacando os cinco trof\u00e9us de Campeonato Sul Americanos e finalistas de Campeonato Mundial, com atletas ano a ano compondo as sele\u00e7\u00f5es brasileiras e estaduais. O NADAR (N\u00facleo Aqu\u00e1tico de Desenvolvimento Atl\u00e9tico e Reabilitacional) surgiu em 2015, com o intuito de oportunizar as atividades aqu\u00e1ticas, historicamente muito onerosas e fora do alcance financeiro da maioria das fam\u00edlias, sendo hoje considerado o MAIOR projeto de atividades aqu\u00e1ticas do pa\u00eds.\" \/>\n<meta name=\"robots\" content=\"index, follow, max-snippet:-1, max-image-preview:large, max-video-preview:-1\" \/>\n<link rel=\"canonical\" href=\"https:\/\/institutonadar.org.br\/\" \/>\n<meta property=\"og:locale\" content=\"pt_BR\" \/>\n<meta property=\"og:type\" content=\"article\" \/>\n<meta property=\"og:title\" content=\"Home - Instituto Nadar\" \/>\n<meta property=\"og:description\" content=\"O Instituto Nadar vem desenvolvendo as modalidades aqu\u00e1ticas no munic\u00edpio desde 2002, sendo a equipe de nata\u00e7\u00e3o representante de toda a regi\u00e3o da AMFRI em Santa Catarina, detentora de v\u00e1rios t\u00edtulos, destacando os cinco trof\u00e9us de Campeonato Sul Americanos e finalistas de Campeonato Mundial, com atletas ano a ano compondo as sele\u00e7\u00f5es brasileiras e estaduais. O NADAR (N\u00facleo Aqu\u00e1tico de Desenvolvimento Atl\u00e9tico e Reabilitacional) surgiu em 2015, com o intuito de oportunizar as atividades aqu\u00e1ticas, historicamente muito onerosas e fora do alcance financeiro da maioria das fam\u00edlias, sendo hoje considerado o MAIOR projeto de atividades aqu\u00e1ticas do pa\u00eds.\" \/>\n<meta property=\"og:url\" content=\"https:\/\/institutonadar.org.br\/\" \/>\n<meta property=\"og:site_name\" content=\"Instituto Nadar\" \/>\n<meta property=\"article:publisher\" content=\"https:\/\/www.facebook.com\/institutonadar\" \/>\n<meta property=\"article:modified_time\" content=\"2026-02-06T13:53:50+00:00\" \/>\n<meta name=\"twitter:card\" content=\"summary_large_image\" \/>\n<script type=\"application\/ld+json\" class=\"yoast-schema-graph\">{\"@context\":\"https:\/\/schema.org\",\"@graph\":[{\"@type\":\"WebPage\",\"@id\":\"https:\/\/institutonadar.org.br\/\",\"url\":\"https:\/\/institutonadar.org.br\/\",\"name\":\"Home - Instituto Nadar\",\"isPartOf\":{\"@id\":\"https:\/\/institutonadar.org.br\/#website\"},\"datePublished\":\"2016-02-12T07:54:41+00:00\",\"dateModified\":\"2026-02-06T13:53:50+00:00\",\"description\":\"O Instituto Nadar vem desenvolvendo as modalidades aqu\u00e1ticas no munic\u00edpio desde 2002, sendo a equipe de nata\u00e7\u00e3o representante de toda a regi\u00e3o da AMFRI em Santa Catarina, detentora de v\u00e1rios t\u00edtulos, destacando os cinco trof\u00e9us de Campeonato Sul Americanos e finalistas de Campeonato Mundial, com atletas ano a ano compondo as sele\u00e7\u00f5es brasileiras e estaduais. O NADAR (N\u00facleo Aqu\u00e1tico de Desenvolvimento Atl\u00e9tico e Reabilitacional) surgiu em 2015, com o intuito de oportunizar as atividades aqu\u00e1ticas, historicamente muito onerosas e fora do alcance financeiro da maioria das fam\u00edlias, sendo hoje considerado o MAIOR projeto de atividades aqu\u00e1ticas do pa\u00eds.\",\"breadcrumb\":{\"@id\":\"https:\/\/institutonadar.org.br\/#breadcrumb\"},\"inLanguage\":\"pt-BR\",\"potentialAction\":[{\"@type\":\"ReadAction\",\"target\":[\"https:\/\/institutonadar.org.br\/\"]}]},{\"@type\":\"BreadcrumbList\",\"@id\":\"https:\/\/institutonadar.org.br\/#breadcrumb\",\"itemListElement\":[{\"@type\":\"ListItem\",\"position\":1,\"name\":\"In\u00edcio\",\"item\":\"https:\/\/institutonadar.org.br\/\"},{\"@type\":\"ListItem\",\"position\":2,\"name\":\"Home\"}]},{\"@type\":\"WebSite\",\"@id\":\"https:\/\/institutonadar.org.br\/#website\",\"url\":\"https:\/\/institutonadar.org.br\/\",\"name\":\"Instituto Nadar\",\"description\":\"\",\"publisher\":{\"@id\":\"https:\/\/institutonadar.org.br\/#organization\"},\"potentialAction\":[{\"@type\":\"SearchAction\",\"target\":{\"@type\":\"EntryPoint\",\"urlTemplate\":\"https:\/\/institutonadar.org.br\/?s={search_term_string}\"},\"query-input\":\"required name=search_term_string\"}],\"inLanguage\":\"pt-BR\"},{\"@type\":\"Organization\",\"@id\":\"https:\/\/institutonadar.org.br\/#organization\",\"name\":\"Instituto Nadar\",\"url\":\"https:\/\/institutonadar.org.br\/\",\"logo\":{\"@type\":\"ImageObject\",\"inLanguage\":\"pt-BR\",\"@id\":\"https:\/\/institutonadar.org.br\/#\/schema\/logo\/image\/\",\"url\":\"https:\/\/institutonadar.org.br\/wp-content\/uploads\/2024\/01\/cropped-family_final-380x380-1.png\",\"contentUrl\":\"https:\/\/institutonadar.org.br\/wp-content\/uploads\/2024\/01\/cropped-family_final-380x380-1.png\",\"width\":380,\"height\":141,\"caption\":\"Instituto Nadar\"},\"image\":{\"@id\":\"https:\/\/institutonadar.org.br\/#\/schema\/logo\/image\/\"},\"sameAs\":[\"https:\/\/www.facebook.com\/institutonadar\",\"https:\/\/www.youtube.com\/@nadaritajai7830\",\"https:\/\/www.instagram.com\/institutonadar\/\"]}]}<\/script>\n<!-- \/ Yoast SEO plugin. -->","yoast_head_json":{"title":"Home - Instituto Nadar","description":"O Instituto Nadar vem desenvolvendo as modalidades aqu\u00e1ticas no munic\u00edpio desde 2002, sendo a equipe de nata\u00e7\u00e3o representante de toda a regi\u00e3o da AMFRI em Santa Catarina, detentora de v\u00e1rios t\u00edtulos, destacando os cinco trof\u00e9us de Campeonato Sul Americanos e finalistas de Campeonato Mundial, com atletas ano a ano compondo as sele\u00e7\u00f5es brasileiras e estaduais. O NADAR (N\u00facleo Aqu\u00e1tico de Desenvolvimento Atl\u00e9tico e Reabilitacional) surgiu em 2015, com o intuito de oportunizar as atividades aqu\u00e1ticas, historicamente muito onerosas e fora do alcance financeiro da maioria das fam\u00edlias, sendo hoje considerado o MAIOR projeto de atividades aqu\u00e1ticas do pa\u00eds.","robots":{"index":"index","follow":"follow","max-snippet":"max-snippet:-1","max-image-preview":"max-image-preview:large","max-video-preview":"max-video-preview:-1"},"canonical":"https:\/\/institutonadar.org.br\/","og_locale":"pt_BR","og_type":"article","og_title":"Home - Instituto Nadar","og_description":"O Instituto Nadar vem desenvolvendo as modalidades aqu\u00e1ticas no munic\u00edpio desde 2002, sendo a equipe de nata\u00e7\u00e3o representante de toda a regi\u00e3o da AMFRI em Santa Catarina, detentora de v\u00e1rios t\u00edtulos, destacando os cinco trof\u00e9us de Campeonato Sul Americanos e finalistas de Campeonato Mundial, com atletas ano a ano compondo as sele\u00e7\u00f5es brasileiras e estaduais. O NADAR (N\u00facleo Aqu\u00e1tico de Desenvolvimento Atl\u00e9tico e Reabilitacional) surgiu em 2015, com o intuito de oportunizar as atividades aqu\u00e1ticas, historicamente muito onerosas e fora do alcance financeiro da maioria das fam\u00edlias, sendo hoje considerado o MAIOR projeto de atividades aqu\u00e1ticas do pa\u00eds.","og_url":"https:\/\/institutonadar.org.br\/","og_site_name":"Instituto Nadar","article_publisher":"https:\/\/www.facebook.com\/institutonadar","article_modified_time":"2026-02-06T13:53:50+00:00","twitter_card":"summary_large_image","schema":{"@context":"https:\/\/schema.org","@graph":[{"@type":"WebPage","@id":"https:\/\/institutonadar.org.br\/","url":"https:\/\/institutonadar.org.br\/","name":"Home - Instituto Nadar","isPartOf":{"@id":"https:\/\/institutonadar.org.br\/#website"},"datePublished":"2016-02-12T07:54:41+00:00","dateModified":"2026-02-06T13:53:50+00:00","description":"O Instituto Nadar vem desenvolvendo as modalidades aqu\u00e1ticas no munic\u00edpio desde 2002, sendo a equipe de nata\u00e7\u00e3o representante de toda a regi\u00e3o da AMFRI em Santa Catarina, detentora de v\u00e1rios t\u00edtulos, destacando os cinco trof\u00e9us de Campeonato Sul Americanos e finalistas de Campeonato Mundial, com atletas ano a ano compondo as sele\u00e7\u00f5es brasileiras e estaduais. O NADAR (N\u00facleo Aqu\u00e1tico de Desenvolvimento Atl\u00e9tico e Reabilitacional) surgiu em 2015, com o intuito de oportunizar as atividades aqu\u00e1ticas, historicamente muito onerosas e fora do alcance financeiro da maioria das fam\u00edlias, sendo hoje considerado o MAIOR projeto de atividades aqu\u00e1ticas do pa\u00eds.","breadcrumb":{"@id":"https:\/\/institutonadar.org.br\/#breadcrumb"},"inLanguage":"pt-BR","potentialAction":[{"@type":"ReadAction","target":["https:\/\/institutonadar.org.br\/"]}]},{"@type":"BreadcrumbList","@id":"https:\/\/institutonadar.org.br\/#breadcrumb","itemListElement":[{"@type":"ListItem","position":1,"name":"In\u00edcio","item":"https:\/\/institutonadar.org.br\/"},{"@type":"ListItem","position":2,"name":"Home"}]},{"@type":"WebSite","@id":"https:\/\/institutonadar.org.br\/#website","url":"https:\/\/institutonadar.org.br\/","name":"Instituto Nadar","description":"","publisher":{"@id":"https:\/\/institutonadar.org.br\/#organization"},"potentialAction":[{"@type":"SearchAction","target":{"@type":"EntryPoint","urlTemplate":"https:\/\/institutonadar.org.br\/?s={search_term_string}"},"query-input":"required name=search_term_string"}],"inLanguage":"pt-BR"},{"@type":"Organization","@id":"https:\/\/institutonadar.org.br\/#organization","name":"Instituto Nadar","url":"https:\/\/institutonadar.org.br\/","logo":{"@type":"ImageObject","inLanguage":"pt-BR","@id":"https:\/\/institutonadar.org.br\/#\/schema\/logo\/image\/","url":"https:\/\/institutonadar.org.br\/wp-content\/uploads\/2024\/01\/cropped-family_final-380x380-1.png","contentUrl":"https:\/\/institutonadar.org.br\/wp-content\/uploads\/2024\/01\/cropped-family_final-380x380-1.png","width":380,"height":141,"caption":"Instituto Nadar"},"image":{"@id":"https:\/\/institutonadar.org.br\/#\/schema\/logo\/image\/"},"sameAs":["https:\/\/www.facebook.com\/institutonadar","https:\/\/www.youtube.com\/@nadaritajai7830","https:\/\/www.instagram.com\/institutonadar\/"]}]}},"_links":{"self":[{"href":"https:\/\/institutonadar.org.br\/index.php?rest_route=\/wp\/v2\/pages\/1414","targetHints":{"allow":["GET"]}}],"collection":[{"href":"https:\/\/institutonadar.org.br\/index.php?rest_route=\/wp\/v2\/pages"}],"about":[{"href":"https:\/\/institutonadar.org.br\/index.php?rest_route=\/wp\/v2\/types\/page"}],"author":[{"embeddable":true,"href":"https:\/\/institutonadar.org.br\/index.php?rest_route=\/wp\/v2\/users\/2"}],"replies":[{"embeddable":true,"href":"https:\/\/institutonadar.org.br\/index.php?rest_route=%2Fwp%2Fv2%2Fcomments&post=1414"}],"version-history":[{"count":0,"href":"https:\/\/institutonadar.org.br\/index.php?rest_route=\/wp\/v2\/pages\/1414\/revisions"}],"wp:attachment":[{"href":"https:\/\/institutonadar.org.br\/index.php?rest_route=%2Fwp%2Fv2%2Fmedia&parent=1414"}],"curies":[{"name":"wp","href":"https:\/\/api.w.org\/{rel}","templated":true}]}}